{"id":11753,"date":"2021-09-30T13:24:06","date_gmt":"2021-09-30T13:24:06","guid":{"rendered":"https:\/\/www.icro.it\/prodotto\/fondo-nitro-300d\/"},"modified":"2021-09-30T13:24:28","modified_gmt":"2021-09-30T13:24:28","slug":"fondo-nitro-trasparente-universale-300d","status":"publish","type":"product","link":"https:\/\/www.icro.it\/es\/producto\/fondo-nitro-trasparente-universale-300d\/","title":{"rendered":"FONDO NITRO 300D"},"content":{"rendered":"<p>Fondo nitrocelul\u00f3sico transparente universal, para todos los sistemas con pulverizaci\u00f3n, excepto electroest\u00e1tica. El fondo NTFO300D est\u00e1 indicado para ciclos de poro abierto. Secado r\u00e1pido. Resistencia a la luz limitada. Flexibilidad limitada.<\/p>\n","protected":false},"excerpt":{"rendered":"<p>Fondo nitrocelul\u00f3sico transparente universal, para todos los sistemas con pulverizaci\u00f3n, excepto electroest\u00e1tica. El fondo NTFO300D est\u00e1 indicado para ciclos de poro abierto. Secado r\u00e1pido. Resistencia a la luz limitada. Flexibilidad limitada.<\/p>\n","protected":false},"featured_media":10221,"comment_status":"closed","ping_status":"closed","template":"","meta":[],"product_cat":[368,371,400,401,434,442],"product_tag":[],"acf":[],"_links":{"self":[{"href":"https:\/\/www.icro.it\/es\/wp-json\/wp\/v2\/product\/11753"}],"collection":[{"href":"https:\/\/www.icro.it\/es\/wp-json\/wp\/v2\/product"}],"about":[{"href":"https:\/\/www.icro.it\/es\/wp-json\/wp\/v2\/types\/product"}],"replies":[{"embeddable":true,"href":"https:\/\/www.icro.it\/es\/wp-json\/wp\/v2\/comments?post=11753"}],"wp:featuredmedia":[{"embeddable":true,"href":"https:\/\/www.icro.it\/es\/wp-json\/wp\/v2\/media\/10221"}],"wp:attachment":[{"href":"https:\/\/www.icro.it\/es\/wp-json\/wp\/v2\/media?parent=11753"}],"wp:term":[{"taxonomy":"product_cat","embeddable":true,"href":"https:\/\/www.icro.it\/es\/wp-json\/wp\/v2\/product_cat?post=11753"},{"taxonomy":"product_tag","embeddable":true,"href":"https:\/\/www.icro.it\/es\/wp-json\/wp\/v2\/product_tag?post=11753"}],"curies":[{"name":"wp","href":"https:\/\/api.w.org\/{rel}","templated":true}]}}