{"id":11754,"date":"2021-09-30T13:24:06","date_gmt":"2021-09-30T13:24:06","guid":{"rendered":"https:\/\/www.icro.it\/prodotto\/fondo-nitro-250\/"},"modified":"2021-09-30T13:24:29","modified_gmt":"2021-09-30T13:24:29","slug":"fondo-nitro-trasparente-250","status":"publish","type":"product","link":"https:\/\/www.icro.it\/es\/producto\/fondo-nitro-trasparente-250\/","title":{"rendered":"FONDO NITRO 250"},"content":{"rendered":"<p>Fondo nitroceluloso transparente de alta calidad, para todos los sistemas con pulverizaci\u00f3n, excepto electroest\u00e1tica. Excelente cubrici\u00f3n, excelente transparencia y buena lijabilidad. Resistencia a la luz y elasticidad limitadas.<\/p>\n","protected":false},"excerpt":{"rendered":"<p>Fondo nitroceluloso transparente de alta calidad, para todos los sistemas con pulverizaci\u00f3n, excepto electroest\u00e1tica. Excelente cubrici\u00f3n, excelente transparencia y buena lijabilidad. Resistencia a la luz y elasticidad limitadas.<\/p>\n","protected":false},"featured_media":10221,"comment_status":"closed","ping_status":"closed","template":"","meta":[],"product_cat":[434,442,368,371,400,401],"product_tag":[],"acf":[],"_links":{"self":[{"href":"https:\/\/www.icro.it\/es\/wp-json\/wp\/v2\/product\/11754"}],"collection":[{"href":"https:\/\/www.icro.it\/es\/wp-json\/wp\/v2\/product"}],"about":[{"href":"https:\/\/www.icro.it\/es\/wp-json\/wp\/v2\/types\/product"}],"replies":[{"embeddable":true,"href":"https:\/\/www.icro.it\/es\/wp-json\/wp\/v2\/comments?post=11754"}],"wp:featuredmedia":[{"embeddable":true,"href":"https:\/\/www.icro.it\/es\/wp-json\/wp\/v2\/media\/10221"}],"wp:attachment":[{"href":"https:\/\/www.icro.it\/es\/wp-json\/wp\/v2\/media?parent=11754"}],"wp:term":[{"taxonomy":"product_cat","embeddable":true,"href":"https:\/\/www.icro.it\/es\/wp-json\/wp\/v2\/product_cat?post=11754"},{"taxonomy":"product_tag","embeddable":true,"href":"https:\/\/www.icro.it\/es\/wp-json\/wp\/v2\/product_tag?post=11754"}],"curies":[{"name":"wp","href":"https:\/\/api.w.org\/{rel}","templated":true}]}}