{"id":11895,"date":"2021-09-30T13:25:03","date_gmt":"2021-09-30T13:25:03","guid":{"rendered":"https:\/\/www.icro.it\/prodotto\/disolvente-ac\/"},"modified":"2021-09-30T13:25:21","modified_gmt":"2021-09-30T13:25:21","slug":"disolvente-ac","status":"publish","type":"product","link":"https:\/\/www.icro.it\/es\/producto\/disolvente-ac\/","title":{"rendered":"DISOLVENTE AC"},"content":{"rendered":"<p>Disolvente puro, r\u00e1pido y universal. Indicado en fondos de poli\u00e9ster. Tambi\u00e9n se puede utilizar para tintes y antig\u00fcedades. Se puede utilizar para limpieza de equipos.<\/p>\n","protected":false},"excerpt":{"rendered":"<p>Disolvente puro, r\u00e1pido y universal. Indicado en fondos de poli\u00e9ster. Tambi\u00e9n se puede utilizar para tintes y antig\u00fcedades. Se puede utilizar para limpieza de equipos.<\/p>\n","protected":false},"featured_media":11438,"comment_status":"closed","ping_status":"closed","template":"","meta":[],"product_cat":[368],"product_tag":[],"acf":[],"_links":{"self":[{"href":"https:\/\/www.icro.it\/es\/wp-json\/wp\/v2\/product\/11895"}],"collection":[{"href":"https:\/\/www.icro.it\/es\/wp-json\/wp\/v2\/product"}],"about":[{"href":"https:\/\/www.icro.it\/es\/wp-json\/wp\/v2\/types\/product"}],"replies":[{"embeddable":true,"href":"https:\/\/www.icro.it\/es\/wp-json\/wp\/v2\/comments?post=11895"}],"wp:featuredmedia":[{"embeddable":true,"href":"https:\/\/www.icro.it\/es\/wp-json\/wp\/v2\/media\/11438"}],"wp:attachment":[{"href":"https:\/\/www.icro.it\/es\/wp-json\/wp\/v2\/media?parent=11895"}],"wp:term":[{"taxonomy":"product_cat","embeddable":true,"href":"https:\/\/www.icro.it\/es\/wp-json\/wp\/v2\/product_cat?post=11895"},{"taxonomy":"product_tag","embeddable":true,"href":"https:\/\/www.icro.it\/es\/wp-json\/wp\/v2\/product_tag?post=11895"}],"curies":[{"name":"wp","href":"https:\/\/api.w.org\/{rel}","templated":true}]}}