{"id":11906,"date":"2021-09-30T13:25:03","date_gmt":"2021-09-30T13:25:03","guid":{"rendered":"https:\/\/www.icro.it\/prodotto\/diluent-lt\/"},"modified":"2021-09-30T13:25:27","modified_gmt":"2021-09-30T13:25:27","slug":"diluent-lt","status":"publish","type":"product","link":"https:\/\/www.icro.it\/es\/producto\/diluent-lt\/","title":{"rendered":"DILUENT LT"},"content":{"rendered":"<p>Disolvente reactivo para poli\u00e9ster. Disolvente de evaporaci\u00f3n lenta. Solo se puede utilizar para la diluci\u00f3n de productos de poli\u00e9ster. Si se usa para masilla de secado ultravioleta, puede ralentizar el proceso.<\/p>\n","protected":false},"excerpt":{"rendered":"<p>Disolvente reactivo para poli\u00e9ster. Disolvente de evaporaci\u00f3n lenta. Solo se puede utilizar para la diluci\u00f3n de productos de poli\u00e9ster. Si se usa para masilla de secado ultravioleta, puede ralentizar el proceso.<\/p>\n","protected":false},"featured_media":11438,"comment_status":"closed","ping_status":"closed","template":"","meta":[],"product_cat":[368],"product_tag":[],"acf":[],"_links":{"self":[{"href":"https:\/\/www.icro.it\/es\/wp-json\/wp\/v2\/product\/11906"}],"collection":[{"href":"https:\/\/www.icro.it\/es\/wp-json\/wp\/v2\/product"}],"about":[{"href":"https:\/\/www.icro.it\/es\/wp-json\/wp\/v2\/types\/product"}],"replies":[{"embeddable":true,"href":"https:\/\/www.icro.it\/es\/wp-json\/wp\/v2\/comments?post=11906"}],"wp:featuredmedia":[{"embeddable":true,"href":"https:\/\/www.icro.it\/es\/wp-json\/wp\/v2\/media\/11438"}],"wp:attachment":[{"href":"https:\/\/www.icro.it\/es\/wp-json\/wp\/v2\/media?parent=11906"}],"wp:term":[{"taxonomy":"product_cat","embeddable":true,"href":"https:\/\/www.icro.it\/es\/wp-json\/wp\/v2\/product_cat?post=11906"},{"taxonomy":"product_tag","embeddable":true,"href":"https:\/\/www.icro.it\/es\/wp-json\/wp\/v2\/product_tag?post=11906"}],"curies":[{"name":"wp","href":"https:\/\/api.w.org\/{rel}","templated":true}]}}