{"id":11907,"date":"2021-09-30T13:25:03","date_gmt":"2021-09-30T13:25:03","guid":{"rendered":"https:\/\/www.icro.it\/prodotto\/disolvente-89\/"},"modified":"2021-09-30T13:25:28","modified_gmt":"2021-09-30T13:25:28","slug":"disolvente-89","status":"publish","type":"product","link":"https:\/\/www.icro.it\/es\/producto\/disolvente-89\/","title":{"rendered":"DISOLVENTE 89"},"content":{"rendered":"<p>Disolvente medio &#8211; lento. Indicado para mejorarla uniformidad del mateante de poliuretanos y acr\u00edlicos. Espec\u00edfico para productos de poliuretano. Secado medio-r\u00e1pido, lo que permite un matizado uniforme. Mejora la humectabilidad.<\/p>\n","protected":false},"excerpt":{"rendered":"<p>Disolvente medio &#8211; lento. Indicado para mejorarla uniformidad del mateante de poliuretanos y acr\u00edlicos. Espec\u00edfico para productos de poliuretano. Secado medio-r\u00e1pido, lo que permite un matizado uniforme. Mejora la humectabilidad.<\/p>\n","protected":false},"featured_media":11438,"comment_status":"closed","ping_status":"closed","template":"","meta":[],"product_cat":[368],"product_tag":[],"acf":[],"_links":{"self":[{"href":"https:\/\/www.icro.it\/es\/wp-json\/wp\/v2\/product\/11907"}],"collection":[{"href":"https:\/\/www.icro.it\/es\/wp-json\/wp\/v2\/product"}],"about":[{"href":"https:\/\/www.icro.it\/es\/wp-json\/wp\/v2\/types\/product"}],"replies":[{"embeddable":true,"href":"https:\/\/www.icro.it\/es\/wp-json\/wp\/v2\/comments?post=11907"}],"wp:featuredmedia":[{"embeddable":true,"href":"https:\/\/www.icro.it\/es\/wp-json\/wp\/v2\/media\/11438"}],"wp:attachment":[{"href":"https:\/\/www.icro.it\/es\/wp-json\/wp\/v2\/media?parent=11907"}],"wp:term":[{"taxonomy":"product_cat","embeddable":true,"href":"https:\/\/www.icro.it\/es\/wp-json\/wp\/v2\/product_cat?post=11907"},{"taxonomy":"product_tag","embeddable":true,"href":"https:\/\/www.icro.it\/es\/wp-json\/wp\/v2\/product_tag?post=11907"}],"curies":[{"name":"wp","href":"https:\/\/api.w.org\/{rel}","templated":true}]}}