{"id":11909,"date":"2021-09-30T13:25:32","date_gmt":"2021-09-30T13:25:32","guid":{"rendered":"https:\/\/www.icro.it\/prodotto\/disolvente-v\/"},"modified":"2021-09-30T13:25:32","modified_gmt":"2021-09-30T13:25:32","slug":"disolvente-v","status":"publish","type":"product","link":"https:\/\/www.icro.it\/es\/producto\/disolvente-v\/","title":{"rendered":"DISOLVENTE V"},"content":{"rendered":"<p>Disolvente \u201cVerona\u201d para nitrocelulosa. Para la diluci\u00f3n de productos nitrocelulosos, buen poder &#8220;antivelo&#8221;. Evita el velado en d\u00edas con una humedad relativa superior al 50%. Tambi\u00e9n se puede usar para tintes donde se requiere un secado r\u00e1pido.<\/p>\n","protected":false},"excerpt":{"rendered":"<p>Disolvente \u201cVerona\u201d para nitrocelulosa. Para la diluci\u00f3n de productos nitrocelulosos, buen poder &#8220;antivelo&#8221;. Evita el velado en d\u00edas con una humedad relativa superior al 50%. Tambi\u00e9n se puede usar para tintes donde se requiere un secado r\u00e1pido.<\/p>\n","protected":false},"featured_media":11438,"comment_status":"closed","ping_status":"closed","template":"","meta":[],"product_cat":[368],"product_tag":[],"acf":[],"_links":{"self":[{"href":"https:\/\/www.icro.it\/es\/wp-json\/wp\/v2\/product\/11909"}],"collection":[{"href":"https:\/\/www.icro.it\/es\/wp-json\/wp\/v2\/product"}],"about":[{"href":"https:\/\/www.icro.it\/es\/wp-json\/wp\/v2\/types\/product"}],"replies":[{"embeddable":true,"href":"https:\/\/www.icro.it\/es\/wp-json\/wp\/v2\/comments?post=11909"}],"wp:featuredmedia":[{"embeddable":true,"href":"https:\/\/www.icro.it\/es\/wp-json\/wp\/v2\/media\/11438"}],"wp:attachment":[{"href":"https:\/\/www.icro.it\/es\/wp-json\/wp\/v2\/media?parent=11909"}],"wp:term":[{"taxonomy":"product_cat","embeddable":true,"href":"https:\/\/www.icro.it\/es\/wp-json\/wp\/v2\/product_cat?post=11909"},{"taxonomy":"product_tag","embeddable":true,"href":"https:\/\/www.icro.it\/es\/wp-json\/wp\/v2\/product_tag?post=11909"}],"curies":[{"name":"wp","href":"https:\/\/api.w.org\/{rel}","templated":true}]}}