{"id":12549,"date":"2021-05-26T21:11:19","date_gmt":"2021-05-26T21:11:19","guid":{"rendered":"https:\/\/www.icro.it\/prodotto\/pintura-alagua-2k-para-uso-exterior\/"},"modified":"2022-02-24T19:50:44","modified_gmt":"2022-02-24T19:50:44","slug":"pintura-alagua-2k-para-uso-exterior","status":"publish","type":"product","link":"https:\/\/www.icro.it\/es\/producto\/pintura-alagua-2k-para-uso-exterior\/","title":{"rendered":"ACABADO AL AGUA 2K PARA EXTERIORES"},"content":{"rendered":"<p>Acabado al agua para ventanas y puertas con alta tixotrop\u00eda, formulada para garantizar una alta resistencia qu\u00edmica y f\u00edsica. Es una pintura de dos componentes formulada con la nueva tecnolog\u00eda BiTECH.<\/p>\n","protected":false},"excerpt":{"rendered":"<p>Acabado al agua para ventanas y puertas con alta tixotrop\u00eda, formulada para garantizar una alta resistencia qu\u00edmica y f\u00edsica. Es una pintura de dos componentes formulada con la nueva tecnolog\u00eda BiTECH.<\/p>\n","protected":false},"featured_media":12547,"comment_status":"closed","ping_status":"closed","template":"","meta":[],"product_cat":[434,442,475,476,368,411],"product_tag":[],"acf":[],"_links":{"self":[{"href":"https:\/\/www.icro.it\/es\/wp-json\/wp\/v2\/product\/12549"}],"collection":[{"href":"https:\/\/www.icro.it\/es\/wp-json\/wp\/v2\/product"}],"about":[{"href":"https:\/\/www.icro.it\/es\/wp-json\/wp\/v2\/types\/product"}],"replies":[{"embeddable":true,"href":"https:\/\/www.icro.it\/es\/wp-json\/wp\/v2\/comments?post=12549"}],"wp:featuredmedia":[{"embeddable":true,"href":"https:\/\/www.icro.it\/es\/wp-json\/wp\/v2\/media\/12547"}],"wp:attachment":[{"href":"https:\/\/www.icro.it\/es\/wp-json\/wp\/v2\/media?parent=12549"}],"wp:term":[{"taxonomy":"product_cat","embeddable":true,"href":"https:\/\/www.icro.it\/es\/wp-json\/wp\/v2\/product_cat?post=12549"},{"taxonomy":"product_tag","embeddable":true,"href":"https:\/\/www.icro.it\/es\/wp-json\/wp\/v2\/product_tag?post=12549"}],"curies":[{"name":"wp","href":"https:\/\/api.w.org\/{rel}","templated":true}]}}