{"id":12552,"date":"2022-02-24T19:53:45","date_gmt":"2022-02-24T19:53:46","guid":{"rendered":"https:\/\/www.icro.it\/?post_type=product&#038;p=12552"},"modified":"2022-02-24T20:04:50","modified_gmt":"2022-02-24T20:04:50","slug":"esmalte-al-agua-blanco-106","status":"publish","type":"product","link":"https:\/\/www.icro.it\/es\/producto\/esmalte-al-agua-blanco-106\/","title":{"rendered":"Esmalte bicomponente al agua"},"content":{"rendered":"<p>Esmalte bicomponente al agua para carpinter\u00eda interior y exterior con altas propiedades qu\u00edmicas y f\u00edsicas. El esmalte es compatible con el sistema de tintado Colormix.<\/p>\n","protected":false},"excerpt":{"rendered":"<p>Esmalte bicomponente al agua para carpinter\u00eda interior y exterior con altas propiedades qu\u00edmicas y f\u00edsicas. El esmalte es compatible con el sistema de tintado Colormix.<\/p>\n","protected":false},"featured_media":10546,"comment_status":"closed","ping_status":"closed","template":"","meta":[],"product_cat":[439,467,475,476,368,411,434],"product_tag":[],"acf":[],"_links":{"self":[{"href":"https:\/\/www.icro.it\/es\/wp-json\/wp\/v2\/product\/12552"}],"collection":[{"href":"https:\/\/www.icro.it\/es\/wp-json\/wp\/v2\/product"}],"about":[{"href":"https:\/\/www.icro.it\/es\/wp-json\/wp\/v2\/types\/product"}],"replies":[{"embeddable":true,"href":"https:\/\/www.icro.it\/es\/wp-json\/wp\/v2\/comments?post=12552"}],"wp:featuredmedia":[{"embeddable":true,"href":"https:\/\/www.icro.it\/es\/wp-json\/wp\/v2\/media\/10546"}],"wp:attachment":[{"href":"https:\/\/www.icro.it\/es\/wp-json\/wp\/v2\/media?parent=12552"}],"wp:term":[{"taxonomy":"product_cat","embeddable":true,"href":"https:\/\/www.icro.it\/es\/wp-json\/wp\/v2\/product_cat?post=12552"},{"taxonomy":"product_tag","embeddable":true,"href":"https:\/\/www.icro.it\/es\/wp-json\/wp\/v2\/product_tag?post=12552"}],"curies":[{"name":"wp","href":"https:\/\/api.w.org\/{rel}","templated":true}]}}