{"id":9742,"date":"2020-07-22T14:52:47","date_gmt":"2021-09-30T12:40:10","guid":{"rendered":"https:\/\/www.icro.it\/prodotto\/icroepox-primer-2k-cn\/"},"modified":"2025-03-04T15:59:49","modified_gmt":"2025-03-04T14:59:49","slug":"icroepox-primer-2k-cn","status":"publish","type":"product","link":"https:\/\/www.icro.it\/es\/producto\/icroepox-primer-2k-cn\/","title":{"rendered":"ICROEPOX PRIMER 2K  (CN)"},"content":{"rendered":"<p>S224 &#8211; ICROEPOX PRIMER 2K &#8211; CONVERTER NEUTRO &#8211; es una imprimaci\u00f3n bicomponente a base de resina epoxi y pigmentos activos contra la corrosi\u00f3n. Apta para aplicaciones sobre acero, acero galvanizado y aluminio. Para uso en veh\u00edculos comerciales y en los sectores defabricaci\u00f3n de maquinaria y equipos. S224 Primer destaca por su buen poder de relleno, buena lijabilidad y excelente protecci\u00f3n anticorrosi\u00f3n.<\/p>\n","protected":false},"excerpt":{"rendered":"<p>S224 &#8211; ICROEPOX PRIMER 2K &#8211; CONVERTER NEUTRO &#8211; es una imprimaci\u00f3n bicomponente a base de resina epoxi y pigmentos activos contra la corrosi\u00f3n. Apta para aplicaciones sobre acero, acero galvanizado y aluminio. Para uso en veh\u00edculos comerciales y en los sectores defabricaci\u00f3n de maquinaria y equipos. S224 Primer destaca por su buen poder de relleno, buena lijabilidad y excelente protecci\u00f3n anticorrosi\u00f3n.<\/p>\n","protected":false},"featured_media":9738,"comment_status":"closed","ping_status":"closed","template":"","meta":[],"product_cat":[380,381,441,444,456],"product_tag":[],"acf":[],"_links":{"self":[{"href":"https:\/\/www.icro.it\/es\/wp-json\/wp\/v2\/product\/9742"}],"collection":[{"href":"https:\/\/www.icro.it\/es\/wp-json\/wp\/v2\/product"}],"about":[{"href":"https:\/\/www.icro.it\/es\/wp-json\/wp\/v2\/types\/product"}],"replies":[{"embeddable":true,"href":"https:\/\/www.icro.it\/es\/wp-json\/wp\/v2\/comments?post=9742"}],"wp:featuredmedia":[{"embeddable":true,"href":"https:\/\/www.icro.it\/es\/wp-json\/wp\/v2\/media\/9738"}],"wp:attachment":[{"href":"https:\/\/www.icro.it\/es\/wp-json\/wp\/v2\/media?parent=9742"}],"wp:term":[{"taxonomy":"product_cat","embeddable":true,"href":"https:\/\/www.icro.it\/es\/wp-json\/wp\/v2\/product_cat?post=9742"},{"taxonomy":"product_tag","embeddable":true,"href":"https:\/\/www.icro.it\/es\/wp-json\/wp\/v2\/product_tag?post=9742"}],"curies":[{"name":"wp","href":"https:\/\/api.w.org\/{rel}","templated":true}]}}