{"id":9763,"date":"2021-09-30T12:40:37","date_gmt":"2021-09-30T12:40:37","guid":{"rendered":"https:\/\/www.icro.it\/prodotto\/icroalkyd-top-dtm-gloss-1k-cw\/"},"modified":"2025-03-03T09:25:44","modified_gmt":"2025-03-03T08:25:44","slug":"icroalkyd-top-dtm-gloss-1k-cw","status":"publish","type":"product","link":"https:\/\/www.icro.it\/es\/producto\/icroalkyd-top-dtm-gloss-1k-cw\/","title":{"rendered":"ICROALKYD TOP DTM GLOSS 1K (CW)"},"content":{"rendered":"<p>S109 ICROALKYD TOP DTM BRILLO 1K CONVERTER BLANCO es un esmalte brillante de una sola capa de secado r\u00e1pido con fosfato de zinc. Adecuado para superficies de fundici\u00f3n y acero, como construcciones de acero en la construcci\u00f3n de naves, sistemas de elevaci\u00f3n con gr\u00faas, maquinaria y equipos, armarios de distribuci\u00f3n, maquinaria agr\u00edcola, reparaci\u00f3n de contenedores, etc.<\/p>\n","protected":false},"excerpt":{"rendered":"<p>S109 ICROALKYD TOP DTM BRILLO 1K CONVERTER BLANCO es un esmalte brillante de una sola capa de secado r\u00e1pido con fosfato de zinc. Adecuado para superficies de fundici\u00f3n y acero, como construcciones de acero en la construcci\u00f3n de naves, sistemas de elevaci\u00f3n con gr\u00faas, maquinaria y equipos, armarios de distribuci\u00f3n, maquinaria agr\u00edcola, reparaci\u00f3n de contenedores, etc.<\/p>\n","protected":false},"featured_media":9738,"comment_status":"closed","ping_status":"closed","template":"","meta":[],"product_cat":[380,381,440,444,447],"product_tag":[],"acf":[],"_links":{"self":[{"href":"https:\/\/www.icro.it\/es\/wp-json\/wp\/v2\/product\/9763"}],"collection":[{"href":"https:\/\/www.icro.it\/es\/wp-json\/wp\/v2\/product"}],"about":[{"href":"https:\/\/www.icro.it\/es\/wp-json\/wp\/v2\/types\/product"}],"replies":[{"embeddable":true,"href":"https:\/\/www.icro.it\/es\/wp-json\/wp\/v2\/comments?post=9763"}],"wp:featuredmedia":[{"embeddable":true,"href":"https:\/\/www.icro.it\/es\/wp-json\/wp\/v2\/media\/9738"}],"wp:attachment":[{"href":"https:\/\/www.icro.it\/es\/wp-json\/wp\/v2\/media?parent=9763"}],"wp:term":[{"taxonomy":"product_cat","embeddable":true,"href":"https:\/\/www.icro.it\/es\/wp-json\/wp\/v2\/product_cat?post=9763"},{"taxonomy":"product_tag","embeddable":true,"href":"https:\/\/www.icro.it\/es\/wp-json\/wp\/v2\/product_tag?post=9763"}],"curies":[{"name":"wp","href":"https:\/\/api.w.org\/{rel}","templated":true}]}}