{"id":9768,"date":"2021-09-30T12:40:37","date_gmt":"2021-09-30T12:40:37","guid":{"rendered":"https:\/\/www.icro.it\/prodotto\/icrosynt-nc-top-mate-1k-cn\/"},"modified":"2025-03-03T16:50:10","modified_gmt":"2025-03-03T15:50:10","slug":"icrosynt-nc-top-mate-1k-cn","status":"publish","type":"product","link":"https:\/\/www.icro.it\/es\/producto\/icrosynt-nc-top-mate-1k-cn\/","title":{"rendered":"ICROSYNT-NC TOP Mate 1K (CN)"},"content":{"rendered":"<p>S110 ICROSYNT-NC TOP MATE 1K CONVERSOR NEUTRO &#8211; es un convertidor nitrosint\u00e9tico mate de capa \u00fanica y  secado muy r\u00e1pido. Adecuado para aplicaciones sobre imprimaciones de uno o dos componentes. Utilizado para la fabricaci\u00f3n de maquinaria, componentes para maquinaria agr\u00edcola, equipos peque\u00f1os, kits de &#8220;reparaci\u00f3n puntual&#8221; para maquinaria agr\u00edcola y operativa.<\/p>\n","protected":false},"excerpt":{"rendered":"<p>S110 ICROSYNT-NC TOP MATE 1K CONVERSOR NEUTRO &#8211; es un convertidor nitrosint\u00e9tico mate de capa \u00fanica y  secado muy r\u00e1pido. Adecuado para aplicaciones sobre imprimaciones de uno o dos componentes. Utilizado para la fabricaci\u00f3n de maquinaria, componentes para maquinaria agr\u00edcola, equipos peque\u00f1os, kits de &#8220;reparaci\u00f3n puntual&#8221; para maquinaria agr\u00edcola y operativa.<\/p>\n","protected":false},"featured_media":9738,"comment_status":"closed","ping_status":"closed","template":"","meta":[],"product_cat":[441,444,456,380,381],"product_tag":[],"acf":[],"_links":{"self":[{"href":"https:\/\/www.icro.it\/es\/wp-json\/wp\/v2\/product\/9768"}],"collection":[{"href":"https:\/\/www.icro.it\/es\/wp-json\/wp\/v2\/product"}],"about":[{"href":"https:\/\/www.icro.it\/es\/wp-json\/wp\/v2\/types\/product"}],"replies":[{"embeddable":true,"href":"https:\/\/www.icro.it\/es\/wp-json\/wp\/v2\/comments?post=9768"}],"wp:featuredmedia":[{"embeddable":true,"href":"https:\/\/www.icro.it\/es\/wp-json\/wp\/v2\/media\/9738"}],"wp:attachment":[{"href":"https:\/\/www.icro.it\/es\/wp-json\/wp\/v2\/media?parent=9768"}],"wp:term":[{"taxonomy":"product_cat","embeddable":true,"href":"https:\/\/www.icro.it\/es\/wp-json\/wp\/v2\/product_cat?post=9768"},{"taxonomy":"product_tag","embeddable":true,"href":"https:\/\/www.icro.it\/es\/wp-json\/wp\/v2\/product_tag?post=9768"}],"curies":[{"name":"wp","href":"https:\/\/api.w.org\/{rel}","templated":true}]}}