{"id":9788,"date":"2021-09-30T12:40:37","date_gmt":"2021-09-30T12:40:37","guid":{"rendered":"https:\/\/www.icro.it\/prodotto\/icroalkyd-top-satin-1k-cn\/"},"modified":"2025-03-03T09:30:56","modified_gmt":"2025-03-03T08:30:56","slug":"icroalkyd-top-satin-1k-cn","status":"publish","type":"product","link":"https:\/\/www.icro.it\/es\/producto\/icroalkyd-top-satin-1k-cn\/","title":{"rendered":"ICROALKYD TOP SATIN 1K (CN)"},"content":{"rendered":"<p>S121 ICROALKYD TOP SATINADO 1K CONVERTER NEUTRO- es un acabado satinado de una sola capa y de secado r\u00e1pido. Indicado para superficies de acero en la construcci\u00f3n de construcciones de acero como pabellones, sistemas de elevaci\u00f3n con gr\u00faas, maquinaria y equipos, armarios de distribuci\u00f3n, maquinaria agr\u00edcola, reparaci\u00f3n de contenedores, etc.<\/p>\n","protected":false},"excerpt":{"rendered":"<p>S121 ICROALKYD TOP SATINADO 1K CONVERTER NEUTRO- es un acabado satinado de una sola capa y de secado r\u00e1pido. Indicado para superficies de acero en la construcci\u00f3n de construcciones de acero como pabellones, sistemas de elevaci\u00f3n con gr\u00faas, maquinaria y equipos, armarios de distribuci\u00f3n, maquinaria agr\u00edcola, reparaci\u00f3n de contenedores, etc.<\/p>\n","protected":false},"featured_media":9738,"comment_status":"closed","ping_status":"closed","template":"","meta":[],"product_cat":[380,381,441,444,446],"product_tag":[],"class_list":["item"],"acf":[],"_links":{"self":[{"href":"https:\/\/www.icro.it\/es\/wp-json\/wp\/v2\/product\/9788","targetHints":{"allow":["GET"]}}],"collection":[{"href":"https:\/\/www.icro.it\/es\/wp-json\/wp\/v2\/product"}],"about":[{"href":"https:\/\/www.icro.it\/es\/wp-json\/wp\/v2\/types\/product"}],"replies":[{"embeddable":true,"href":"https:\/\/www.icro.it\/es\/wp-json\/wp\/v2\/comments?post=9788"}],"wp:featuredmedia":[{"embeddable":true,"href":"https:\/\/www.icro.it\/es\/wp-json\/wp\/v2\/media\/9738"}],"wp:attachment":[{"href":"https:\/\/www.icro.it\/es\/wp-json\/wp\/v2\/media?parent=9788"}],"wp:term":[{"taxonomy":"product_cat","embeddable":true,"href":"https:\/\/www.icro.it\/es\/wp-json\/wp\/v2\/product_cat?post=9788"},{"taxonomy":"product_tag","embeddable":true,"href":"https:\/\/www.icro.it\/es\/wp-json\/wp\/v2\/product_tag?post=9788"}],"curies":[{"name":"wp","href":"https:\/\/api.w.org\/{rel}","templated":true}]}}