{"id":9813,"date":"2021-09-30T12:40:37","date_gmt":"2021-09-30T12:40:37","guid":{"rendered":"https:\/\/www.icro.it\/prodotto\/icroepox-top-satin-2k-cw\/"},"modified":"2021-09-30T12:40:56","modified_gmt":"2021-09-30T12:40:56","slug":"icroepox-top-satin-2k-cw","status":"publish","type":"product","link":"https:\/\/www.icro.it\/es\/producto\/icroepox-top-satin-2k-cw\/","title":{"rendered":"ICROEPOX TOP SATIN 2K (CW)"},"content":{"rendered":"<p>S222 ICROEPOX TOP SATINADO 2K CONVERTER BLANCO &#8211; es un acabado satinado de dos componentes. Indicado para superficies de hierro fundido y acero como construcciones de acero NO EXPUESTAS DIRECTAMENTE A LA LUZ, construcci\u00f3n de pabellones, sistemas de elevaci\u00f3n con gr\u00faas, maquinaria y equipo, armarios de distribuci\u00f3n, maquinaria agr\u00edcola, reparaci\u00f3n de contenedores, pisos industriales no certificados, etc.<\/p>\n","protected":false},"excerpt":{"rendered":"<p>S222 ICROEPOX TOP SATINADO 2K CONVERTER BLANCO &#8211; es un acabado satinado de dos componentes. Indicado para superficies de hierro fundido y acero como construcciones de acero NO EXPUESTAS DIRECTAMENTE A LA LUZ, construcci\u00f3n de pabellones, sistemas de elevaci\u00f3n con gr\u00faas, maquinaria y equipo, armarios de distribuci\u00f3n, maquinaria agr\u00edcola, reparaci\u00f3n de contenedores, pisos industriales no certificados, etc.<\/p>\n","protected":false},"featured_media":9738,"comment_status":"closed","ping_status":"closed","template":"","meta":[],"product_cat":[446,380,381,440,444],"product_tag":[],"acf":[],"_links":{"self":[{"href":"https:\/\/www.icro.it\/es\/wp-json\/wp\/v2\/product\/9813"}],"collection":[{"href":"https:\/\/www.icro.it\/es\/wp-json\/wp\/v2\/product"}],"about":[{"href":"https:\/\/www.icro.it\/es\/wp-json\/wp\/v2\/types\/product"}],"replies":[{"embeddable":true,"href":"https:\/\/www.icro.it\/es\/wp-json\/wp\/v2\/comments?post=9813"}],"wp:featuredmedia":[{"embeddable":true,"href":"https:\/\/www.icro.it\/es\/wp-json\/wp\/v2\/media\/9738"}],"wp:attachment":[{"href":"https:\/\/www.icro.it\/es\/wp-json\/wp\/v2\/media?parent=9813"}],"wp:term":[{"taxonomy":"product_cat","embeddable":true,"href":"https:\/\/www.icro.it\/es\/wp-json\/wp\/v2\/product_cat?post=9813"},{"taxonomy":"product_tag","embeddable":true,"href":"https:\/\/www.icro.it\/es\/wp-json\/wp\/v2\/product_tag?post=9813"}],"curies":[{"name":"wp","href":"https:\/\/api.w.org\/{rel}","templated":true}]}}