{"id":9818,"date":"2021-09-30T12:40:37","date_gmt":"2021-09-30T12:40:37","guid":{"rendered":"https:\/\/www.icro.it\/prodotto\/icroepox-top-gloss-2k-cn\/"},"modified":"2021-09-30T12:40:57","modified_gmt":"2021-09-30T12:40:57","slug":"icroepox-top-gloss-2k-cn","status":"publish","type":"product","link":"https:\/\/www.icro.it\/es\/producto\/icroepox-top-gloss-2k-cn\/","title":{"rendered":"ICROEPOX TOP GLOSS 2K (CN)"},"content":{"rendered":"<p>S225 ICROEPOX TOP BRILLO 2K CONVERTER NEUTRO- es un acabado brillante de dos componentes. Indicado para superficies de hierro fundido y acero como construcciones de acero NO EXPUESTAS DIRECTAMENTE A LA LUZ,  construcci\u00f3n de pabellones, sistemas de elevaci\u00f3n con gr\u00faas, maquinaria y equipo, armarios de distribuci\u00f3n, maquinaria agr\u00edcola, reparaci\u00f3n de contenedores, pisos industriales no certificados, etc.<\/p>\n","protected":false},"excerpt":{"rendered":"<p>S225 ICROEPOX TOP BRILLO 2K CONVERTER NEUTRO- es un acabado brillante de dos componentes. Indicado para superficies de hierro fundido y acero como construcciones de acero NO EXPUESTAS DIRECTAMENTE A LA LUZ,  construcci\u00f3n de pabellones, sistemas de elevaci\u00f3n con gr\u00faas, maquinaria y equipo, armarios de distribuci\u00f3n, maquinaria agr\u00edcola, reparaci\u00f3n de contenedores, pisos industriales no certificados, etc.<\/p>\n","protected":false},"featured_media":9738,"comment_status":"closed","ping_status":"closed","template":"","meta":[],"product_cat":[380,381,441,444,447],"product_tag":[],"acf":[],"_links":{"self":[{"href":"https:\/\/www.icro.it\/es\/wp-json\/wp\/v2\/product\/9818"}],"collection":[{"href":"https:\/\/www.icro.it\/es\/wp-json\/wp\/v2\/product"}],"about":[{"href":"https:\/\/www.icro.it\/es\/wp-json\/wp\/v2\/types\/product"}],"replies":[{"embeddable":true,"href":"https:\/\/www.icro.it\/es\/wp-json\/wp\/v2\/comments?post=9818"}],"wp:featuredmedia":[{"embeddable":true,"href":"https:\/\/www.icro.it\/es\/wp-json\/wp\/v2\/media\/9738"}],"wp:attachment":[{"href":"https:\/\/www.icro.it\/es\/wp-json\/wp\/v2\/media?parent=9818"}],"wp:term":[{"taxonomy":"product_cat","embeddable":true,"href":"https:\/\/www.icro.it\/es\/wp-json\/wp\/v2\/product_cat?post=9818"},{"taxonomy":"product_tag","embeddable":true,"href":"https:\/\/www.icro.it\/es\/wp-json\/wp\/v2\/product_tag?post=9818"}],"curies":[{"name":"wp","href":"https:\/\/api.w.org\/{rel}","templated":true}]}}