{"id":9828,"date":"2021-09-30T12:40:37","date_gmt":"2021-09-30T12:40:37","guid":{"rendered":"https:\/\/www.icro.it\/prodotto\/icropur-top-gloss-2k-cn\/"},"modified":"2021-09-30T12:41:00","modified_gmt":"2021-09-30T12:41:00","slug":"icropur-top-gloss-2k-cn","status":"publish","type":"product","link":"https:\/\/www.icro.it\/es\/producto\/icropur-top-gloss-2k-cn\/","title":{"rendered":"ICROPUR TOP GLOSS 2K (CN)"},"content":{"rendered":"<p>S348 ICROPUR TOP BRILLO 2K CONVERTER NEUTRO es un acabado que permite obtener pel\u00edculas brillantes, compactas y lisas con buena resistencia a los agentes atmosf\u00e9ricos y a la luz. Indicado para uso en el sector naval, veh\u00edculos y equipos comerciales.<\/p>\n","protected":false},"excerpt":{"rendered":"<p>S348 ICROPUR TOP BRILLO 2K CONVERTER NEUTRO es un acabado que permite obtener pel\u00edculas brillantes, compactas y lisas con buena resistencia a los agentes atmosf\u00e9ricos y a la luz. Indicado para uso en el sector naval, veh\u00edculos y equipos comerciales.<\/p>\n","protected":false},"featured_media":9738,"comment_status":"closed","ping_status":"closed","template":"","meta":[],"product_cat":[380,381,441,444,447],"product_tag":[],"class_list":["item"],"acf":[],"_links":{"self":[{"href":"https:\/\/www.icro.it\/es\/wp-json\/wp\/v2\/product\/9828","targetHints":{"allow":["GET"]}}],"collection":[{"href":"https:\/\/www.icro.it\/es\/wp-json\/wp\/v2\/product"}],"about":[{"href":"https:\/\/www.icro.it\/es\/wp-json\/wp\/v2\/types\/product"}],"replies":[{"embeddable":true,"href":"https:\/\/www.icro.it\/es\/wp-json\/wp\/v2\/comments?post=9828"}],"wp:featuredmedia":[{"embeddable":true,"href":"https:\/\/www.icro.it\/es\/wp-json\/wp\/v2\/media\/9738"}],"wp:attachment":[{"href":"https:\/\/www.icro.it\/es\/wp-json\/wp\/v2\/media?parent=9828"}],"wp:term":[{"taxonomy":"product_cat","embeddable":true,"href":"https:\/\/www.icro.it\/es\/wp-json\/wp\/v2\/product_cat?post=9828"},{"taxonomy":"product_tag","embeddable":true,"href":"https:\/\/www.icro.it\/es\/wp-json\/wp\/v2\/product_tag?post=9828"}],"curies":[{"name":"wp","href":"https:\/\/api.w.org\/{rel}","templated":true}]}}