{"id":9852,"date":"2021-09-30T12:41:08","date_gmt":"2021-09-30T12:41:08","guid":{"rendered":"https:\/\/www.icro.it\/prodotto\/icropur-top-d-mate-2k-cw\/"},"modified":"2021-09-30T12:41:10","modified_gmt":"2021-09-30T12:41:10","slug":"icropur-top-d-mate-2k-cw","status":"publish","type":"product","link":"https:\/\/www.icro.it\/es\/producto\/icropur-top-d-mate-2k-cw\/","title":{"rendered":"ICROPUR TOP D-Mate 2K (CW)"},"content":{"rendered":"<p>S351 ICROPUR TOP D-Mate 2K CONVERTER BLANCO es un acabado que permite obtener pel\u00edculas semimates, compactas y lisas con buena resistencia a los agentes atmosf\u00e9ricos y a la luz. Indicado para uso en el sector naval, veh\u00edculos y equipos comerciales.<\/p>\n","protected":false},"excerpt":{"rendered":"<p>S351 ICROPUR TOP D-Mate 2K CONVERTER BLANCO es un acabado que permite obtener pel\u00edculas semimates, compactas y lisas con buena resistencia a los agentes atmosf\u00e9ricos y a la luz. Indicado para uso en el sector naval, veh\u00edculos y equipos comerciales.<\/p>\n","protected":false},"featured_media":9738,"comment_status":"closed","ping_status":"closed","template":"","meta":[],"product_cat":[380,381,440,444,456],"product_tag":[],"acf":[],"_links":{"self":[{"href":"https:\/\/www.icro.it\/es\/wp-json\/wp\/v2\/product\/9852"}],"collection":[{"href":"https:\/\/www.icro.it\/es\/wp-json\/wp\/v2\/product"}],"about":[{"href":"https:\/\/www.icro.it\/es\/wp-json\/wp\/v2\/types\/product"}],"replies":[{"embeddable":true,"href":"https:\/\/www.icro.it\/es\/wp-json\/wp\/v2\/comments?post=9852"}],"wp:featuredmedia":[{"embeddable":true,"href":"https:\/\/www.icro.it\/es\/wp-json\/wp\/v2\/media\/9738"}],"wp:attachment":[{"href":"https:\/\/www.icro.it\/es\/wp-json\/wp\/v2\/media?parent=9852"}],"wp:term":[{"taxonomy":"product_cat","embeddable":true,"href":"https:\/\/www.icro.it\/es\/wp-json\/wp\/v2\/product_cat?post=9852"},{"taxonomy":"product_tag","embeddable":true,"href":"https:\/\/www.icro.it\/es\/wp-json\/wp\/v2\/product_tag?post=9852"}],"curies":[{"name":"wp","href":"https:\/\/api.w.org\/{rel}","templated":true}]}}