{"id":9856,"date":"2021-09-30T12:41:08","date_gmt":"2021-09-30T12:41:08","guid":{"rendered":"https:\/\/www.icro.it\/prodotto\/icropur-ec-top-gloss-2k-cn\/"},"modified":"2021-09-30T12:41:11","modified_gmt":"2021-09-30T12:41:11","slug":"icropur-ec-top-gloss-2k-cn","status":"publish","type":"product","link":"https:\/\/www.icro.it\/es\/producto\/icropur-ec-top-gloss-2k-cn\/","title":{"rendered":"ICROPUR-EC TOP GLOSS 2K (CN)"},"content":{"rendered":"<p>S356 ICROPUR TOP BRILLO 2K CONVERTER NEUTRO es un acabado con una excelente relaci\u00f3n calidad-precio que permite obtener pel\u00edculas brillantes y lisas, resistentes a los agentes atmosf\u00e9ricos y a la luz. Indicado para su uso en el sector naval, veh\u00edculos y equipos comerciales. De f\u00e1cil mantenimiento.<\/p>\n","protected":false},"excerpt":{"rendered":"<p>S356 ICROPUR TOP BRILLO 2K CONVERTER NEUTRO es un acabado con una excelente relaci\u00f3n calidad-precio que permite obtener pel\u00edculas brillantes y lisas, resistentes a los agentes atmosf\u00e9ricos y a la luz. Indicado para su uso en el sector naval, veh\u00edculos y equipos comerciales. De f\u00e1cil mantenimiento.<\/p>\n","protected":false},"featured_media":9738,"comment_status":"closed","ping_status":"closed","template":"","meta":[],"product_cat":[380,381,441,444,447],"product_tag":[],"acf":[],"_links":{"self":[{"href":"https:\/\/www.icro.it\/es\/wp-json\/wp\/v2\/product\/9856"}],"collection":[{"href":"https:\/\/www.icro.it\/es\/wp-json\/wp\/v2\/product"}],"about":[{"href":"https:\/\/www.icro.it\/es\/wp-json\/wp\/v2\/types\/product"}],"replies":[{"embeddable":true,"href":"https:\/\/www.icro.it\/es\/wp-json\/wp\/v2\/comments?post=9856"}],"wp:featuredmedia":[{"embeddable":true,"href":"https:\/\/www.icro.it\/es\/wp-json\/wp\/v2\/media\/9738"}],"wp:attachment":[{"href":"https:\/\/www.icro.it\/es\/wp-json\/wp\/v2\/media?parent=9856"}],"wp:term":[{"taxonomy":"product_cat","embeddable":true,"href":"https:\/\/www.icro.it\/es\/wp-json\/wp\/v2\/product_cat?post=9856"},{"taxonomy":"product_tag","embeddable":true,"href":"https:\/\/www.icro.it\/es\/wp-json\/wp\/v2\/product_tag?post=9856"}],"curies":[{"name":"wp","href":"https:\/\/api.w.org\/{rel}","templated":true}]}}