{"id":9875,"date":"2020-07-22T14:54:12","date_gmt":"2021-09-30T12:41:08","guid":{"rendered":"https:\/\/www.icro.it\/prodotto\/icroacryl-top-dtp-d-mate-2kcw\/"},"modified":"2021-09-30T12:41:19","modified_gmt":"2021-09-30T12:41:19","slug":"icroacryl-top-dtp-d-mate-2kcw","status":"publish","type":"product","link":"https:\/\/www.icro.it\/es\/producto\/icroacryl-top-dtp-d-mate-2kcw\/","title":{"rendered":"ICROACRYL TOP DTP D-Mate 2K(CW)"},"content":{"rendered":"<p>S421 ICROACRYL TOP DTP D-MATE 2K CONVERTER BLANCO es un acabado que permite obtener una pel\u00edcula semimate, compacta, dura y resistente al estr\u00e9s mec\u00e1nico. Variando los par\u00e1metros de proceso, es posible obtener superficies de estructura fina y resistente, as\u00ed como superficies niveladas.<\/p>\n","protected":false},"excerpt":{"rendered":"<p>S421 ICROACRYL TOP DTP D-MATE 2K CONVERTER BLANCO es un acabado que permite obtener una pel\u00edcula semimate, compacta, dura y resistente al estr\u00e9s mec\u00e1nico. Variando los par\u00e1metros de proceso, es posible obtener superficies de estructura fina y resistente, as\u00ed como superficies niveladas.<\/p>\n","protected":false},"featured_media":9738,"comment_status":"closed","ping_status":"closed","template":"","meta":[],"product_cat":[380,381,440,444,456],"product_tag":[],"acf":[],"_links":{"self":[{"href":"https:\/\/www.icro.it\/es\/wp-json\/wp\/v2\/product\/9875"}],"collection":[{"href":"https:\/\/www.icro.it\/es\/wp-json\/wp\/v2\/product"}],"about":[{"href":"https:\/\/www.icro.it\/es\/wp-json\/wp\/v2\/types\/product"}],"replies":[{"embeddable":true,"href":"https:\/\/www.icro.it\/es\/wp-json\/wp\/v2\/comments?post=9875"}],"wp:featuredmedia":[{"embeddable":true,"href":"https:\/\/www.icro.it\/es\/wp-json\/wp\/v2\/media\/9738"}],"wp:attachment":[{"href":"https:\/\/www.icro.it\/es\/wp-json\/wp\/v2\/media?parent=9875"}],"wp:term":[{"taxonomy":"product_cat","embeddable":true,"href":"https:\/\/www.icro.it\/es\/wp-json\/wp\/v2\/product_cat?post=9875"},{"taxonomy":"product_tag","embeddable":true,"href":"https:\/\/www.icro.it\/es\/wp-json\/wp\/v2\/product_tag?post=9875"}],"curies":[{"name":"wp","href":"https:\/\/api.w.org\/{rel}","templated":true}]}}