{"id":9876,"date":"2020-07-22T14:54:12","date_gmt":"2021-09-30T12:41:08","guid":{"rendered":"https:\/\/www.icro.it\/prodotto\/icroacryl-top-dtp-satin-2kcn\/"},"modified":"2025-03-04T14:21:53","modified_gmt":"2025-03-04T13:21:53","slug":"icroacryl-top-dtp-satin-2kcn","status":"publish","type":"product","link":"https:\/\/www.icro.it\/es\/producto\/icroacryl-top-dtp-satin-2kcn\/","title":{"rendered":"ICROACRYL TOP DTP SATIN 2K(CN)"},"content":{"rendered":"<p>S421 ICROACRYL TOP DTP SATINADA 2K CONVERTER NEUTRO es un acabado que permite obtener una pel\u00edcula satinada, compacta, dura y resistente a los esfuerzos mec\u00e1nicos. Variando los par\u00e1metros de proceso, es posible obtener superficies de estructura fina y resistente, as\u00ed como superficies niveladas.<\/p>\n","protected":false},"excerpt":{"rendered":"<p>S421 ICROACRYL TOP DTP SATINADA 2K CONVERTER NEUTRO es un acabado que permite obtener una pel\u00edcula satinada, compacta, dura y resistente a los esfuerzos mec\u00e1nicos. Variando los par\u00e1metros de proceso, es posible obtener superficies de estructura fina y resistente, as\u00ed como superficies niveladas.<\/p>\n","protected":false},"featured_media":9738,"comment_status":"closed","ping_status":"closed","template":"","meta":[],"product_cat":[380,381,441,444,446],"product_tag":[],"class_list":["item"],"acf":[],"_links":{"self":[{"href":"https:\/\/www.icro.it\/es\/wp-json\/wp\/v2\/product\/9876","targetHints":{"allow":["GET"]}}],"collection":[{"href":"https:\/\/www.icro.it\/es\/wp-json\/wp\/v2\/product"}],"about":[{"href":"https:\/\/www.icro.it\/es\/wp-json\/wp\/v2\/types\/product"}],"replies":[{"embeddable":true,"href":"https:\/\/www.icro.it\/es\/wp-json\/wp\/v2\/comments?post=9876"}],"wp:featuredmedia":[{"embeddable":true,"href":"https:\/\/www.icro.it\/es\/wp-json\/wp\/v2\/media\/9738"}],"wp:attachment":[{"href":"https:\/\/www.icro.it\/es\/wp-json\/wp\/v2\/media?parent=9876"}],"wp:term":[{"taxonomy":"product_cat","embeddable":true,"href":"https:\/\/www.icro.it\/es\/wp-json\/wp\/v2\/product_cat?post=9876"},{"taxonomy":"product_tag","embeddable":true,"href":"https:\/\/www.icro.it\/es\/wp-json\/wp\/v2\/product_tag?post=9876"}],"curies":[{"name":"wp","href":"https:\/\/api.w.org\/{rel}","templated":true}]}}