{"id":9878,"date":"2020-07-22T14:54:12","date_gmt":"2021-09-30T12:41:08","guid":{"rendered":"https:\/\/www.icro.it\/prodotto\/icroacryl-top-dtm-gloss-2kcn\/"},"modified":"2021-09-30T12:41:23","modified_gmt":"2021-09-30T12:41:23","slug":"icroacryl-top-dtm-gloss-2kcn","status":"publish","type":"product","link":"https:\/\/www.icro.it\/es\/producto\/icroacryl-top-dtm-gloss-2kcn\/","title":{"rendered":"ICROACRYL TOP DTM GLOSS 2K(CN)"},"content":{"rendered":"<p>S429 ICROACRYL TOP DTM BRILLO 2K  CONVERTER NEUTRO es un acabados\u00f3lidos medio brillante de &#8220;ADHESI\u00d3N DIRECTA&#8221;, resistente a la corrosi\u00f3n. Id\u00f3neo ara sustratos met\u00e1licos como acero, acero galvanizado, aluminio y sustratos de pl\u00e1stico. Indicado para superficies sobre las que ya existe una primera capa de pintura. Se puede utilizar, por ejemplo, en veh\u00edculos comerciales, maquinaria agr\u00edcola, en la construcci\u00f3n de equipos y maquinaria.<\/p>\n","protected":false},"excerpt":{"rendered":"<p>S429 ICROACRYL TOP DTM BRILLO 2K  CONVERTER NEUTRO es un acabados\u00f3lidos medio brillante de &#8220;ADHESI\u00d3N DIRECTA&#8221;, resistente a la corrosi\u00f3n. Id\u00f3neo ara sustratos met\u00e1licos como acero, acero galvanizado, aluminio y sustratos de pl\u00e1stico. Indicado para superficies sobre las que ya existe una primera capa de pintura. Se puede utilizar, por ejemplo, en veh\u00edculos comerciales, maquinaria agr\u00edcola, en la construcci\u00f3n de equipos y maquinaria.<\/p>\n","protected":false},"featured_media":9738,"comment_status":"closed","ping_status":"closed","template":"","meta":[],"product_cat":[380,381,441,444,447,458],"product_tag":[],"class_list":["item"],"acf":[],"_links":{"self":[{"href":"https:\/\/www.icro.it\/es\/wp-json\/wp\/v2\/product\/9878","targetHints":{"allow":["GET"]}}],"collection":[{"href":"https:\/\/www.icro.it\/es\/wp-json\/wp\/v2\/product"}],"about":[{"href":"https:\/\/www.icro.it\/es\/wp-json\/wp\/v2\/types\/product"}],"replies":[{"embeddable":true,"href":"https:\/\/www.icro.it\/es\/wp-json\/wp\/v2\/comments?post=9878"}],"wp:featuredmedia":[{"embeddable":true,"href":"https:\/\/www.icro.it\/es\/wp-json\/wp\/v2\/media\/9738"}],"wp:attachment":[{"href":"https:\/\/www.icro.it\/es\/wp-json\/wp\/v2\/media?parent=9878"}],"wp:term":[{"taxonomy":"product_cat","embeddable":true,"href":"https:\/\/www.icro.it\/es\/wp-json\/wp\/v2\/product_cat?post=9878"},{"taxonomy":"product_tag","embeddable":true,"href":"https:\/\/www.icro.it\/es\/wp-json\/wp\/v2\/product_tag?post=9878"}],"curies":[{"name":"wp","href":"https:\/\/api.w.org\/{rel}","templated":true}]}}