{"id":9881,"date":"2020-07-22T14:54:12","date_gmt":"2021-09-30T12:41:08","guid":{"rendered":"https:\/\/www.icro.it\/prodotto\/icroacryl-top-hs-dtm-satin-2kcw\/"},"modified":"2025-03-04T14:29:17","modified_gmt":"2025-03-04T13:29:17","slug":"icroacryl-top-hs-dtm-satin-2kcw","status":"publish","type":"product","link":"https:\/\/www.icro.it\/es\/producto\/icroacryl-top-hs-dtm-satin-2kcw\/","title":{"rendered":"ICROACRYL TOP HS DTM SATIN 2K(CW)"},"content":{"rendered":"<p>S430 ICROACRYL TOP HS DTM SATINADO 2K CONVERTER NEUTRO es un acabado s\u00f3lido de una sola capa y &#8220;ADHESI\u00d3N DIRECTA&#8221;, que cumple con VOC. Resistente a la corrosi\u00f3n. Para sustratos met\u00e1licos como acero, acero galvanizado, aluminio y sustratos sobre los cuales ya existe una primera capa de pintura. Se puede utilizar, por ejemplo, en veh\u00edculos comerciales, maquinaria agr\u00edcola, en la construcci\u00f3n de equipos y maquinaria.<\/p>\n","protected":false},"excerpt":{"rendered":"<p>S430 ICROACRYL TOP HS DTM SATINADO 2K CONVERTER NEUTRO es un acabado s\u00f3lido de una sola capa y &#8220;ADHESI\u00d3N DIRECTA&#8221;, que cumple con VOC. Resistente a la corrosi\u00f3n. Para sustratos met\u00e1licos como acero, acero galvanizado, aluminio y sustratos sobre los cuales ya existe una primera capa de pintura. Se puede utilizar, por ejemplo, en veh\u00edculos comerciales, maquinaria agr\u00edcola, en la construcci\u00f3n de equipos y maquinaria.<\/p>\n","protected":false},"featured_media":9738,"comment_status":"closed","ping_status":"closed","template":"","meta":[],"product_cat":[380,381,440,444,446],"product_tag":[],"class_list":["item"],"acf":[],"_links":{"self":[{"href":"https:\/\/www.icro.it\/es\/wp-json\/wp\/v2\/product\/9881","targetHints":{"allow":["GET"]}}],"collection":[{"href":"https:\/\/www.icro.it\/es\/wp-json\/wp\/v2\/product"}],"about":[{"href":"https:\/\/www.icro.it\/es\/wp-json\/wp\/v2\/types\/product"}],"replies":[{"embeddable":true,"href":"https:\/\/www.icro.it\/es\/wp-json\/wp\/v2\/comments?post=9881"}],"wp:featuredmedia":[{"embeddable":true,"href":"https:\/\/www.icro.it\/es\/wp-json\/wp\/v2\/media\/9738"}],"wp:attachment":[{"href":"https:\/\/www.icro.it\/es\/wp-json\/wp\/v2\/media?parent=9881"}],"wp:term":[{"taxonomy":"product_cat","embeddable":true,"href":"https:\/\/www.icro.it\/es\/wp-json\/wp\/v2\/product_cat?post=9881"},{"taxonomy":"product_tag","embeddable":true,"href":"https:\/\/www.icro.it\/es\/wp-json\/wp\/v2\/product_tag?post=9881"}],"curies":[{"name":"wp","href":"https:\/\/api.w.org\/{rel}","templated":true}]}}