{"id":9882,"date":"2020-07-22T14:54:12","date_gmt":"2021-09-30T12:41:08","guid":{"rendered":"https:\/\/www.icro.it\/prodotto\/icroacryl-top-dtm-mate-2kcn\/"},"modified":"2021-09-30T12:41:28","modified_gmt":"2021-09-30T12:41:28","slug":"icroacryl-top-dtm-mate-2kcn","status":"publish","type":"product","link":"https:\/\/www.icro.it\/es\/producto\/icroacryl-top-dtm-mate-2kcn\/","title":{"rendered":"ICROACRYL TOP DTM Mate 2K(CN)"},"content":{"rendered":"<p>S432 ICROACRYL TOP DTM MATE 2K CONVERTER NEUTRO es un acabado mate monocapas\u00f3lidos medio resistente a la corrosi\u00f3n, de &#8220;ADHESI\u00d3N DIRECTA&#8221; para sustratos met\u00e1licos como acero, acero galvanizado, aluminio y sustratos de pl\u00e1stico. Indicado superficies sobre las que hay existe una primera capa de pintura. Se puede utilizar, por ejemplo, en veh\u00edculos comerciales, maquinaria agr\u00edcola, en la construcci\u00f3n de equipos y maquinaria.<\/p>\n","protected":false},"excerpt":{"rendered":"<p>S432 ICROACRYL TOP DTM MATE 2K CONVERTER NEUTRO es un acabado mate monocapas\u00f3lidos medio resistente a la corrosi\u00f3n, de &#8220;ADHESI\u00d3N DIRECTA&#8221; para sustratos met\u00e1licos como acero, acero galvanizado, aluminio y sustratos de pl\u00e1stico. Indicado superficies sobre las que hay existe una primera capa de pintura. Se puede utilizar, por ejemplo, en veh\u00edculos comerciales, maquinaria agr\u00edcola, en la construcci\u00f3n de equipos y maquinaria.<\/p>\n","protected":false},"featured_media":16704,"comment_status":"closed","ping_status":"closed","template":"","meta":[],"product_cat":[381,380,441,444,456,555],"product_tag":[],"class_list":["item"],"acf":[],"_links":{"self":[{"href":"https:\/\/www.icro.it\/es\/wp-json\/wp\/v2\/product\/9882","targetHints":{"allow":["GET"]}}],"collection":[{"href":"https:\/\/www.icro.it\/es\/wp-json\/wp\/v2\/product"}],"about":[{"href":"https:\/\/www.icro.it\/es\/wp-json\/wp\/v2\/types\/product"}],"replies":[{"embeddable":true,"href":"https:\/\/www.icro.it\/es\/wp-json\/wp\/v2\/comments?post=9882"}],"wp:featuredmedia":[{"embeddable":true,"href":"https:\/\/www.icro.it\/es\/wp-json\/wp\/v2\/media\/16704"}],"wp:attachment":[{"href":"https:\/\/www.icro.it\/es\/wp-json\/wp\/v2\/media?parent=9882"}],"wp:term":[{"taxonomy":"product_cat","embeddable":true,"href":"https:\/\/www.icro.it\/es\/wp-json\/wp\/v2\/product_cat?post=9882"},{"taxonomy":"product_tag","embeddable":true,"href":"https:\/\/www.icro.it\/es\/wp-json\/wp\/v2\/product_tag?post=9882"}],"curies":[{"name":"wp","href":"https:\/\/api.w.org\/{rel}","templated":true}]}}