{"id":9885,"date":"2020-07-22T14:54:12","date_gmt":"2021-09-30T12:41:08","guid":{"rendered":"https:\/\/www.icro.it\/prodotto\/icrobase-mate-1kcn\/"},"modified":"2025-03-04T15:40:44","modified_gmt":"2025-03-04T14:40:44","slug":"icrobase-mate-1kcn","status":"publish","type":"product","link":"https:\/\/www.icro.it\/es\/producto\/icrobase-mate-1kcn\/","title":{"rendered":"ICROBASE  Mate 1K(CN)"},"content":{"rendered":"<p>S550 ICROBASE MATE 1K CONVERTER NEUTRO es un intermedio mono o bicomponente para ciclos de doble capa. Flexible y resistente al estr\u00e9s mec\u00e1nico. Indicado para aplicaciones sobre fondos y primer. eventualmente sobre algunos sustratos pl\u00e1sticos. Permite una excelente flotabilidad de las part\u00edculas met\u00e1licas, obteniendo efectos met\u00e1licos y micalizados, adem\u00e1s de los colores s\u00f3lidos convencionales.<\/p>\n","protected":false},"excerpt":{"rendered":"<p>S550 ICROBASE MATE 1K CONVERTER NEUTRO es un intermedio mono o bicomponente para ciclos de doble capa. Flexible y resistente al estr\u00e9s mec\u00e1nico. Indicado para aplicaciones sobre fondos y primer. eventualmente sobre algunos sustratos pl\u00e1sticos. Permite una excelente flotabilidad de las part\u00edculas met\u00e1licas, obteniendo efectos met\u00e1licos y micalizados, adem\u00e1s de los colores s\u00f3lidos convencionales.<\/p>\n","protected":false},"featured_media":9738,"comment_status":"closed","ping_status":"closed","template":"","meta":[],"product_cat":[456,458,459,380,381,441,444,449],"product_tag":[],"acf":[],"_links":{"self":[{"href":"https:\/\/www.icro.it\/es\/wp-json\/wp\/v2\/product\/9885"}],"collection":[{"href":"https:\/\/www.icro.it\/es\/wp-json\/wp\/v2\/product"}],"about":[{"href":"https:\/\/www.icro.it\/es\/wp-json\/wp\/v2\/types\/product"}],"replies":[{"embeddable":true,"href":"https:\/\/www.icro.it\/es\/wp-json\/wp\/v2\/comments?post=9885"}],"wp:featuredmedia":[{"embeddable":true,"href":"https:\/\/www.icro.it\/es\/wp-json\/wp\/v2\/media\/9738"}],"wp:attachment":[{"href":"https:\/\/www.icro.it\/es\/wp-json\/wp\/v2\/media?parent=9885"}],"wp:term":[{"taxonomy":"product_cat","embeddable":true,"href":"https:\/\/www.icro.it\/es\/wp-json\/wp\/v2\/product_cat?post=9885"},{"taxonomy":"product_tag","embeddable":true,"href":"https:\/\/www.icro.it\/es\/wp-json\/wp\/v2\/product_tag?post=9885"}],"curies":[{"name":"wp","href":"https:\/\/api.w.org\/{rel}","templated":true}]}}