{"id":9886,"date":"2020-07-22T14:55:08","date_gmt":"2021-09-30T12:41:35","guid":{"rendered":"https:\/\/www.icro.it\/prodotto\/icroclear-2k-tix-gloss-3-1\/"},"modified":"2025-03-04T15:39:45","modified_gmt":"2025-03-04T14:39:45","slug":"icroclear-2k-tix-gloss-3-1","status":"publish","type":"product","link":"https:\/\/www.icro.it\/es\/producto\/icroclear-2k-tix-gloss-3-1\/","title":{"rendered":"ICROCLEAR 2K TIX GLOSS (3-1)"},"content":{"rendered":"<p>S630 &#8211; ICROCLEAR 2K TIX GLOSS (3-1 is a mid solid high gloss clearcoat , with high verticality feature , is also characterised by its excellent weather resistance for high quality coatings on utility vehicles, agricultural implements and in mechanical engineering , automotive and motorbikes OEM components and for carbonfiber protection.S630 &#8211; ICROCLEAR 2K TIX BRILLO (3-1) transparente protector de medios s\u00f3lidos, con elevada verticalidad. Resistencia alta a los agentes atmosf\u00e9ricos y excelente calidad. Indicado para veh\u00edculos comerciales, maquinaria agr\u00edcola, componentes de motocicletas y autom\u00f3viles OEM. Respetuoso con el carbono.<\/p>\n","protected":false},"excerpt":{"rendered":"<p>S630 &#8211; ICROCLEAR 2K TIX GLOSS (3-1 is a mid solid high gloss clearcoat , with high verticality feature , is also characterised by its excellent weather resistance for high quality coatings on utility vehicles, agricultural implements and in mechanical engineering , automotive and motorbikes OEM components and for carbonfiber protection.S630 &#8211; ICROCLEAR 2K TIX BRILLO (3-1) transparente protector de medios s\u00f3lidos, con elevada verticalidad. Resistencia alta a los agentes atmosf\u00e9ricos y excelente calidad. Indicado para veh\u00edculos comerciales, maquinaria agr\u00edcola, componentes de motocicletas y autom\u00f3viles OEM. Respetuoso con el carbono.<\/p>\n","protected":false},"featured_media":9738,"comment_status":"closed","ping_status":"closed","template":"","meta":[],"product_cat":[447,460,380,441,444],"product_tag":[],"acf":[],"_links":{"self":[{"href":"https:\/\/www.icro.it\/es\/wp-json\/wp\/v2\/product\/9886"}],"collection":[{"href":"https:\/\/www.icro.it\/es\/wp-json\/wp\/v2\/product"}],"about":[{"href":"https:\/\/www.icro.it\/es\/wp-json\/wp\/v2\/types\/product"}],"replies":[{"embeddable":true,"href":"https:\/\/www.icro.it\/es\/wp-json\/wp\/v2\/comments?post=9886"}],"wp:featuredmedia":[{"embeddable":true,"href":"https:\/\/www.icro.it\/es\/wp-json\/wp\/v2\/media\/9738"}],"wp:attachment":[{"href":"https:\/\/www.icro.it\/es\/wp-json\/wp\/v2\/media?parent=9886"}],"wp:term":[{"taxonomy":"product_cat","embeddable":true,"href":"https:\/\/www.icro.it\/es\/wp-json\/wp\/v2\/product_cat?post=9886"},{"taxonomy":"product_tag","embeddable":true,"href":"https:\/\/www.icro.it\/es\/wp-json\/wp\/v2\/product_tag?post=9886"}],"curies":[{"name":"wp","href":"https:\/\/api.w.org\/{rel}","templated":true}]}}