{"id":9887,"date":"2020-07-22T14:55:08","date_gmt":"2021-09-30T12:41:35","guid":{"rendered":"https:\/\/www.icro.it\/prodotto\/icroclear-2k-tix-mate-3-1\/"},"modified":"2021-09-30T12:41:37","modified_gmt":"2021-09-30T12:41:37","slug":"icroclear-2k-tix-mate-3-1","status":"publish","type":"product","link":"https:\/\/www.icro.it\/es\/producto\/icroclear-2k-tix-mate-3-1\/","title":{"rendered":"ICROCLEAR 2K TIX Mate (3-1)"},"content":{"rendered":"<p>S636- ICROCLEAR 2K TIX MATE (3-1) &#8211; barniz transparente protector mate de alta verticalidad de s\u00f3lidos medio, altamente resistente a los agentes atmosf\u00e9ricos de calidad. Indicado para veh\u00edculos comerciales, maquinaria agr\u00edcola, componentes de autom\u00f3viles y motocicletas OEM. Respetuoso con el carbono.<\/p>\n","protected":false},"excerpt":{"rendered":"<p>S636- ICROCLEAR 2K TIX MATE (3-1) &#8211; barniz transparente protector mate de alta verticalidad de s\u00f3lidos medio, altamente resistente a los agentes atmosf\u00e9ricos de calidad. Indicado para veh\u00edculos comerciales, maquinaria agr\u00edcola, componentes de autom\u00f3viles y motocicletas OEM. Respetuoso con el carbono.<\/p>\n","protected":false},"featured_media":9738,"comment_status":"closed","ping_status":"closed","template":"","meta":[],"product_cat":[380,441,444,449,456,460],"product_tag":[],"acf":[],"_links":{"self":[{"href":"https:\/\/www.icro.it\/es\/wp-json\/wp\/v2\/product\/9887"}],"collection":[{"href":"https:\/\/www.icro.it\/es\/wp-json\/wp\/v2\/product"}],"about":[{"href":"https:\/\/www.icro.it\/es\/wp-json\/wp\/v2\/types\/product"}],"replies":[{"embeddable":true,"href":"https:\/\/www.icro.it\/es\/wp-json\/wp\/v2\/comments?post=9887"}],"wp:featuredmedia":[{"embeddable":true,"href":"https:\/\/www.icro.it\/es\/wp-json\/wp\/v2\/media\/9738"}],"wp:attachment":[{"href":"https:\/\/www.icro.it\/es\/wp-json\/wp\/v2\/media?parent=9887"}],"wp:term":[{"taxonomy":"product_cat","embeddable":true,"href":"https:\/\/www.icro.it\/es\/wp-json\/wp\/v2\/product_cat?post=9887"},{"taxonomy":"product_tag","embeddable":true,"href":"https:\/\/www.icro.it\/es\/wp-json\/wp\/v2\/product_tag?post=9887"}],"curies":[{"name":"wp","href":"https:\/\/api.w.org\/{rel}","templated":true}]}}