{"id":9888,"date":"2020-07-22T14:55:08","date_gmt":"2021-09-30T12:41:35","guid":{"rendered":"https:\/\/www.icro.it\/prodotto\/icroclear-2k-ms-gloss2-1\/"},"modified":"2025-03-04T15:49:35","modified_gmt":"2025-03-04T14:49:35","slug":"icroclear-2k-ms-gloss2-1","status":"publish","type":"product","link":"https:\/\/www.icro.it\/es\/producto\/icroclear-2k-ms-gloss2-1\/","title":{"rendered":"ICROCLEAR 2K MS GLOSS(2-1)"},"content":{"rendered":"<p>S660 &#8211; ICROCLEAR 2K MS BRILLO (2-1) barniz transparente brillo de s\u00f3lidos medio. Altamente resistente a los agentes atmosf\u00e9ricos. Indicado para veh\u00edculos comerciales, maquinaria agr\u00edcola, componentes de autom\u00f3viles y motocicletas OEM. Respetuoso con el carbono.<\/p>\n","protected":false},"excerpt":{"rendered":"<p>S660 &#8211; ICROCLEAR 2K MS BRILLO (2-1) barniz transparente brillo de s\u00f3lidos medio. Altamente resistente a los agentes atmosf\u00e9ricos. Indicado para veh\u00edculos comerciales, maquinaria agr\u00edcola, componentes de autom\u00f3viles y motocicletas OEM. Respetuoso con el carbono.<\/p>\n","protected":false},"featured_media":9738,"comment_status":"closed","ping_status":"closed","template":"","meta":[],"product_cat":[460,380,441,444,447],"product_tag":[],"acf":[],"_links":{"self":[{"href":"https:\/\/www.icro.it\/es\/wp-json\/wp\/v2\/product\/9888"}],"collection":[{"href":"https:\/\/www.icro.it\/es\/wp-json\/wp\/v2\/product"}],"about":[{"href":"https:\/\/www.icro.it\/es\/wp-json\/wp\/v2\/types\/product"}],"replies":[{"embeddable":true,"href":"https:\/\/www.icro.it\/es\/wp-json\/wp\/v2\/comments?post=9888"}],"wp:featuredmedia":[{"embeddable":true,"href":"https:\/\/www.icro.it\/es\/wp-json\/wp\/v2\/media\/9738"}],"wp:attachment":[{"href":"https:\/\/www.icro.it\/es\/wp-json\/wp\/v2\/media?parent=9888"}],"wp:term":[{"taxonomy":"product_cat","embeddable":true,"href":"https:\/\/www.icro.it\/es\/wp-json\/wp\/v2\/product_cat?post=9888"},{"taxonomy":"product_tag","embeddable":true,"href":"https:\/\/www.icro.it\/es\/wp-json\/wp\/v2\/product_tag?post=9888"}],"curies":[{"name":"wp","href":"https:\/\/api.w.org\/{rel}","templated":true}]}}