{"id":9899,"date":"2021-09-30T12:41:35","date_gmt":"2021-09-30T12:41:35","guid":{"rendered":"https:\/\/www.icro.it\/prodotto\/icroepox-2k-primer-hb-pac-m-grey-rmp-voc\/"},"modified":"2021-09-30T12:41:48","modified_gmt":"2021-09-30T12:41:48","slug":"icroepox-2k-primer-hb-pac-m-grey-rmp-voc","status":"publish","type":"product","link":"https:\/\/www.icro.it\/es\/producto\/icroepox-2k-primer-hb-pac-m-grey-rmp-voc\/","title":{"rendered":"ICROEPOX 2K PRIMER HB P&#038;AC-M GREY (RMP)  VOC"},"content":{"rendered":"<p>S200 &#8211;  ICROEPOX 2K PRIMER HB P&#038;AC-M GRIS &#8211; AL USO &#8211; es una imprimaci\u00f3n de dos componentes a base de resina epoxi y pigmentos anticorrosivos activos. Indicada para aplicaciones sobre acero, acero galvanizado y aluminio. Puede ser utilizado en los sectores de construcci\u00f3n, maquinaria, equipamiento y en veh\u00edculos comerciales. La imprimaci\u00f3n S200 destaca por su buen poder de relleno, excelente protecci\u00f3n anticorrosi\u00f3n y por una amplio intervalo de sobreaplicaci\u00f3n.<\/p>\n","protected":false},"excerpt":{"rendered":"<p>S200 &#8211;  ICROEPOX 2K PRIMER HB P&#038;AC-M GRIS &#8211; AL USO &#8211; es una imprimaci\u00f3n de dos componentes a base de resina epoxi y pigmentos anticorrosivos activos. Indicada para aplicaciones sobre acero, acero galvanizado y aluminio. Puede ser utilizado en los sectores de construcci\u00f3n, maquinaria, equipamiento y en veh\u00edculos comerciales. La imprimaci\u00f3n S200 destaca por su buen poder de relleno, excelente protecci\u00f3n anticorrosi\u00f3n y por una amplio intervalo de sobreaplicaci\u00f3n.<\/p>\n","protected":false},"featured_media":9738,"comment_status":"closed","ping_status":"closed","template":"","meta":[],"product_cat":[462,380,384,444,456],"product_tag":[],"acf":[],"_links":{"self":[{"href":"https:\/\/www.icro.it\/es\/wp-json\/wp\/v2\/product\/9899"}],"collection":[{"href":"https:\/\/www.icro.it\/es\/wp-json\/wp\/v2\/product"}],"about":[{"href":"https:\/\/www.icro.it\/es\/wp-json\/wp\/v2\/types\/product"}],"replies":[{"embeddable":true,"href":"https:\/\/www.icro.it\/es\/wp-json\/wp\/v2\/comments?post=9899"}],"wp:featuredmedia":[{"embeddable":true,"href":"https:\/\/www.icro.it\/es\/wp-json\/wp\/v2\/media\/9738"}],"wp:attachment":[{"href":"https:\/\/www.icro.it\/es\/wp-json\/wp\/v2\/media?parent=9899"}],"wp:term":[{"taxonomy":"product_cat","embeddable":true,"href":"https:\/\/www.icro.it\/es\/wp-json\/wp\/v2\/product_cat?post=9899"},{"taxonomy":"product_tag","embeddable":true,"href":"https:\/\/www.icro.it\/es\/wp-json\/wp\/v2\/product_tag?post=9899"}],"curies":[{"name":"wp","href":"https:\/\/api.w.org\/{rel}","templated":true}]}}