{"id":9933,"date":"2021-09-30T12:42:03","date_gmt":"2021-09-30T12:42:03","guid":{"rendered":"https:\/\/www.icro.it\/prodotto\/icrowash-2k-primer-grey-uhs-rmp-voc\/"},"modified":"2021-09-30T12:42:04","modified_gmt":"2021-09-30T12:42:04","slug":"icrowash-2k-primer-grey-uhs-rmp-voc","status":"publish","type":"product","link":"https:\/\/www.icro.it\/es\/producto\/icrowash-2k-primer-grey-uhs-rmp-voc\/","title":{"rendered":"ICROWASH 2K PRIMER GREY UHS (RMP)   VOC"},"content":{"rendered":"<p>S560 &#8211; ICROWASH 2K PRIMER GREY UHS &#8211; LISTO PARA USAR &#8211; es una imprimaci\u00f3n de secado r\u00e1pido, que garantiza una excelente adherencia y protecci\u00f3n sobre sustratos de aluminio o sobre superficies ya pintadas. Para la protecci\u00f3n temporal de chapas y perfiles pulidos con chorro de arena, utilizado dentro del sector de &#8220;veh\u00edculos de transporte &#8220;. Tambi\u00e9n se utiliza en la construcci\u00f3n naval y en general para el tratamiento de estructuras de acero.<\/p>\n","protected":false},"excerpt":{"rendered":"<p>S560 &#8211; ICROWASH 2K PRIMER GREY UHS &#8211; LISTO PARA USAR &#8211; es una imprimaci\u00f3n de secado r\u00e1pido, que garantiza una excelente adherencia y protecci\u00f3n sobre sustratos de aluminio o sobre superficies ya pintadas. Para la protecci\u00f3n temporal de chapas y perfiles pulidos con chorro de arena, utilizado dentro del sector de &#8220;veh\u00edculos de transporte &#8220;. Tambi\u00e9n se utiliza en la construcci\u00f3n naval y en general para el tratamiento de estructuras de acero.<\/p>\n","protected":false},"featured_media":9738,"comment_status":"closed","ping_status":"closed","template":"","meta":[],"product_cat":[380,381,384,444,456,462],"product_tag":[],"acf":[],"_links":{"self":[{"href":"https:\/\/www.icro.it\/es\/wp-json\/wp\/v2\/product\/9933"}],"collection":[{"href":"https:\/\/www.icro.it\/es\/wp-json\/wp\/v2\/product"}],"about":[{"href":"https:\/\/www.icro.it\/es\/wp-json\/wp\/v2\/types\/product"}],"replies":[{"embeddable":true,"href":"https:\/\/www.icro.it\/es\/wp-json\/wp\/v2\/comments?post=9933"}],"wp:featuredmedia":[{"embeddable":true,"href":"https:\/\/www.icro.it\/es\/wp-json\/wp\/v2\/media\/9738"}],"wp:attachment":[{"href":"https:\/\/www.icro.it\/es\/wp-json\/wp\/v2\/media?parent=9933"}],"wp:term":[{"taxonomy":"product_cat","embeddable":true,"href":"https:\/\/www.icro.it\/es\/wp-json\/wp\/v2\/product_cat?post=9933"},{"taxonomy":"product_tag","embeddable":true,"href":"https:\/\/www.icro.it\/es\/wp-json\/wp\/v2\/product_tag?post=9933"}],"curies":[{"name":"wp","href":"https:\/\/api.w.org\/{rel}","templated":true}]}}