{"id":9953,"date":"2021-09-30T12:42:03","date_gmt":"2021-09-30T12:42:03","guid":{"rendered":"https:\/\/www.icro.it\/prodotto\/icrolinker-n-pur-hs\/"},"modified":"2021-09-30T12:42:10","modified_gmt":"2021-09-30T12:42:10","slug":"icrolinker-n-pur-hs","status":"publish","type":"product","link":"https:\/\/www.icro.it\/es\/producto\/icrolinker-n-pur-hs\/","title":{"rendered":"ICROLINKER N PUR HS"},"content":{"rendered":"<p>S923 Catalizador de poliisocianato alif\u00e1tico de alto contenido en s\u00f3lidos. Se utiliza como componente endurecedor para sistemas de dos componentes acr\u00edlicos y poliuret\u00e1nicos estables a la luz.<\/p>\n","protected":false},"excerpt":{"rendered":"<p>S923 Catalizador de poliisocianato alif\u00e1tico de alto contenido en s\u00f3lidos. Se utiliza como componente endurecedor para sistemas de dos componentes acr\u00edlicos y poliuret\u00e1nicos estables a la luz.<\/p>\n","protected":false},"featured_media":9738,"comment_status":"closed","ping_status":"closed","template":"","meta":[],"product_cat":[380,388],"product_tag":[],"acf":[],"_links":{"self":[{"href":"https:\/\/www.icro.it\/es\/wp-json\/wp\/v2\/product\/9953"}],"collection":[{"href":"https:\/\/www.icro.it\/es\/wp-json\/wp\/v2\/product"}],"about":[{"href":"https:\/\/www.icro.it\/es\/wp-json\/wp\/v2\/types\/product"}],"replies":[{"embeddable":true,"href":"https:\/\/www.icro.it\/es\/wp-json\/wp\/v2\/comments?post=9953"}],"wp:featuredmedia":[{"embeddable":true,"href":"https:\/\/www.icro.it\/es\/wp-json\/wp\/v2\/media\/9738"}],"wp:attachment":[{"href":"https:\/\/www.icro.it\/es\/wp-json\/wp\/v2\/media?parent=9953"}],"wp:term":[{"taxonomy":"product_cat","embeddable":true,"href":"https:\/\/www.icro.it\/es\/wp-json\/wp\/v2\/product_cat?post=9953"},{"taxonomy":"product_tag","embeddable":true,"href":"https:\/\/www.icro.it\/es\/wp-json\/wp\/v2\/product_tag?post=9953"}],"curies":[{"name":"wp","href":"https:\/\/api.w.org\/{rel}","templated":true}]}}