{"id":9957,"date":"2021-09-30T12:42:03","date_gmt":"2021-09-30T12:42:03","guid":{"rendered":"https:\/\/www.icro.it\/prodotto\/icrolinker-hn-pur-fast-ms-ec\/"},"modified":"2021-09-30T12:42:11","modified_gmt":"2021-09-30T12:42:11","slug":"icrolinker-hn-pur-fast-ms-ec","status":"publish","type":"product","link":"https:\/\/www.icro.it\/es\/producto\/icrolinker-hn-pur-fast-ms-ec\/","title":{"rendered":"ICROLINKER HN PUR FAST MS-EC"},"content":{"rendered":"<p>S944 Poliisocianato alif\u00e1tico de catalizador medio s\u00f3lido, adecuado para imprimaciones de poliuretano para sistemas econ\u00f3micos, resistencia limitada a la intemperie.<\/p>\n","protected":false},"excerpt":{"rendered":"<p>S944 Poliisocianato alif\u00e1tico de catalizador medio s\u00f3lido, adecuado para imprimaciones de poliuretano para sistemas econ\u00f3micos, resistencia limitada a la intemperie.<\/p>\n","protected":false},"featured_media":9738,"comment_status":"closed","ping_status":"closed","template":"","meta":[],"product_cat":[380,388],"product_tag":[],"class_list":["item"],"acf":[],"_links":{"self":[{"href":"https:\/\/www.icro.it\/es\/wp-json\/wp\/v2\/product\/9957","targetHints":{"allow":["GET"]}}],"collection":[{"href":"https:\/\/www.icro.it\/es\/wp-json\/wp\/v2\/product"}],"about":[{"href":"https:\/\/www.icro.it\/es\/wp-json\/wp\/v2\/types\/product"}],"replies":[{"embeddable":true,"href":"https:\/\/www.icro.it\/es\/wp-json\/wp\/v2\/comments?post=9957"}],"wp:featuredmedia":[{"embeddable":true,"href":"https:\/\/www.icro.it\/es\/wp-json\/wp\/v2\/media\/9738"}],"wp:attachment":[{"href":"https:\/\/www.icro.it\/es\/wp-json\/wp\/v2\/media?parent=9957"}],"wp:term":[{"taxonomy":"product_cat","embeddable":true,"href":"https:\/\/www.icro.it\/es\/wp-json\/wp\/v2\/product_cat?post=9957"},{"taxonomy":"product_tag","embeddable":true,"href":"https:\/\/www.icro.it\/es\/wp-json\/wp\/v2\/product_tag?post=9957"}],"curies":[{"name":"wp","href":"https:\/\/api.w.org\/{rel}","templated":true}]}}