{"id":9972,"date":"2021-09-30T12:42:03","date_gmt":"2021-09-30T12:42:03","guid":{"rendered":"https:\/\/www.icro.it\/prodotto\/s970-icrolinker-hs-2plus\/"},"modified":"2021-09-30T12:42:18","modified_gmt":"2021-09-30T12:42:18","slug":"s970-icrolinker-hs-2plus","status":"publish","type":"product","link":"https:\/\/www.icro.it\/es\/producto\/s970-icrolinker-hs-2plus\/","title":{"rendered":"S970 ICROLINKER HS-2PLUS"},"content":{"rendered":"<p>S970 Catalizador de altos s\u00f3lidos a base de poliisocianato alif\u00e1tico. Se utiliza como endurecedor para sistemas de dos componentes con bajo voc. Proporci\u00f3n de mezcla 2:1. Extremadamente estable a la luz.<\/p>\n","protected":false},"excerpt":{"rendered":"<p>S970 Catalizador de altos s\u00f3lidos a base de poliisocianato alif\u00e1tico. Se utiliza como endurecedor para sistemas de dos componentes con bajo voc. Proporci\u00f3n de mezcla 2:1. Extremadamente estable a la luz.<\/p>\n","protected":false},"featured_media":9738,"comment_status":"closed","ping_status":"closed","template":"","meta":[],"product_cat":[380,388],"product_tag":[],"acf":[],"_links":{"self":[{"href":"https:\/\/www.icro.it\/es\/wp-json\/wp\/v2\/product\/9972"}],"collection":[{"href":"https:\/\/www.icro.it\/es\/wp-json\/wp\/v2\/product"}],"about":[{"href":"https:\/\/www.icro.it\/es\/wp-json\/wp\/v2\/types\/product"}],"replies":[{"embeddable":true,"href":"https:\/\/www.icro.it\/es\/wp-json\/wp\/v2\/comments?post=9972"}],"wp:featuredmedia":[{"embeddable":true,"href":"https:\/\/www.icro.it\/es\/wp-json\/wp\/v2\/media\/9738"}],"wp:attachment":[{"href":"https:\/\/www.icro.it\/es\/wp-json\/wp\/v2\/media?parent=9972"}],"wp:term":[{"taxonomy":"product_cat","embeddable":true,"href":"https:\/\/www.icro.it\/es\/wp-json\/wp\/v2\/product_cat?post=9972"},{"taxonomy":"product_tag","embeddable":true,"href":"https:\/\/www.icro.it\/es\/wp-json\/wp\/v2\/product_tag?post=9972"}],"curies":[{"name":"wp","href":"https:\/\/api.w.org\/{rel}","templated":true}]}}