{"id":9978,"date":"2021-09-30T12:42:03","date_gmt":"2021-09-30T12:42:03","guid":{"rendered":"https:\/\/www.icro.it\/prodotto\/icrolinker-h-pur-ms-oem\/"},"modified":"2021-09-30T12:42:21","modified_gmt":"2021-09-30T12:42:21","slug":"icrolinker-h-pur-ms-oem","status":"publish","type":"product","link":"https:\/\/www.icro.it\/es\/producto\/icrolinker-h-pur-ms-oem\/","title":{"rendered":"ICROLINKER H PUR MS-OEM"},"content":{"rendered":"<p>S990 Catalizador de poliisocianato alif\u00e1tico s\u00f3lidos medios, para sistemas 2K PUR y acr\u00edlico. Alta resistencia a la intemperie y resistente al agua. Alta compatibilidad y excelente secado f\u00edsico. Indicado para sistemas de aplicaci\u00f3n electrost\u00e1tica.<\/p>\n","protected":false},"excerpt":{"rendered":"<p>S990 Catalizador de poliisocianato alif\u00e1tico s\u00f3lidos medios, para sistemas 2K PUR y acr\u00edlico. Alta resistencia a la intemperie y resistente al agua. Alta compatibilidad y excelente secado f\u00edsico. Indicado para sistemas de aplicaci\u00f3n electrost\u00e1tica.<\/p>\n","protected":false},"featured_media":9738,"comment_status":"closed","ping_status":"closed","template":"","meta":[],"product_cat":[380,388],"product_tag":[],"class_list":["item"],"acf":[],"_links":{"self":[{"href":"https:\/\/www.icro.it\/es\/wp-json\/wp\/v2\/product\/9978","targetHints":{"allow":["GET"]}}],"collection":[{"href":"https:\/\/www.icro.it\/es\/wp-json\/wp\/v2\/product"}],"about":[{"href":"https:\/\/www.icro.it\/es\/wp-json\/wp\/v2\/types\/product"}],"replies":[{"embeddable":true,"href":"https:\/\/www.icro.it\/es\/wp-json\/wp\/v2\/comments?post=9978"}],"wp:featuredmedia":[{"embeddable":true,"href":"https:\/\/www.icro.it\/es\/wp-json\/wp\/v2\/media\/9738"}],"wp:attachment":[{"href":"https:\/\/www.icro.it\/es\/wp-json\/wp\/v2\/media?parent=9978"}],"wp:term":[{"taxonomy":"product_cat","embeddable":true,"href":"https:\/\/www.icro.it\/es\/wp-json\/wp\/v2\/product_cat?post=9978"},{"taxonomy":"product_tag","embeddable":true,"href":"https:\/\/www.icro.it\/es\/wp-json\/wp\/v2\/product_tag?post=9978"}],"curies":[{"name":"wp","href":"https:\/\/api.w.org\/{rel}","templated":true}]}}